{"id":333,"date":"2014-12-08T12:36:47","date_gmt":"2014-12-08T12:36:47","guid":{"rendered":"http:\/\/bi.fusio.net\/?page_id=333"},"modified":"2014-12-22T12:50:59","modified_gmt":"2014-12-22T12:50:59","slug":"pearse-doherty","status":"publish","type":"page","link":"https:\/\/inquiries.oireachtas.ie\/banking\/the-committee\/pearse-doherty\/","title":{"rendered":"Pearse Doherty"},"content":{"rendered":"<p><a href=\"\/banking\/wp-content\/uploads\/2014\/12\/pearse-doherty.jpg\"><img loading=\"lazy\" class=\"alignright size-full wp-image-246\" src=\"\/banking\/wp-content\/uploads\/2014\/12\/pearse-doherty.jpg\" alt=\"Pearse Doherty\" width=\"180\" height=\"270\" \/><\/a>Deputy Pearse Doherty is a Sinn F\u00e9in TD for the Donegal South-West constituency. He is the party spokesperson on finance.<\/p>\n<p>Deputy Doherty served on the Donegal County Council from 2004 to 2007 and in Seanad \u00c9ireann from 2007 until 2010. He was elected to D\u00e1il \u00c9ireann in the Donegal South-West by-election on the 25 November 2010. He was re-elected in February 2011 and is a member of the Committee on Finance, Public Expenditure and Reform.<\/p>\n<p>Deputy Doherty was a founding member of \u00d3gra Shinn F\u00e9in and served on its national executive and is a native Irish speaker.<\/p>\n<h2>The Committee<\/h2>\n<div class='row members'><div class='col-xs-4'><a href='https:\/\/inquiries.oireachtas.ie\/banking\/the-committee\/ciaran-lynch-chairman\/'><img width=\"180\" height=\"270\" src=\"https:\/\/inquiries.oireachtas.ie\/banking\/wp-content\/uploads\/2014\/12\/ciaran-lynch.jpg\" class=\"attachment-post-thumbnail size-post-thumbnail wp-post-image\" alt=\"\" loading=\"lazy\" \/><\/a><h4>Ciaran Lynch (Chairman)<\/h4><\/div><div class='col-xs-4'><a href='https:\/\/inquiries.oireachtas.ie\/banking\/the-committee\/joe-higgins\/'><img width=\"180\" height=\"270\" src=\"https:\/\/inquiries.oireachtas.ie\/banking\/wp-content\/uploads\/2014\/12\/joe-higgins.jpg\" class=\"attachment-post-thumbnail size-post-thumbnail wp-post-image\" alt=\"\" loading=\"lazy\" \/><\/a><h4>Joe Higgins<\/h4><\/div><div class='col-xs-4'><a href='https:\/\/inquiries.oireachtas.ie\/banking\/the-committee\/michael-mcgrath\/'><img width=\"180\" height=\"270\" src=\"https:\/\/inquiries.oireachtas.ie\/banking\/wp-content\/uploads\/2014\/12\/michael-mcgrath.jpg\" class=\"attachment-post-thumbnail size-post-thumbnail wp-post-image\" alt=\"\" loading=\"lazy\" \/><\/a><h4>Michael McGrath<\/h4><\/div><\/div><div class='row members'><div class='col-xs-4'><a href='https:\/\/inquiries.oireachtas.ie\/banking\/the-committee\/eoghan-murphy\/'><img width=\"180\" height=\"270\" src=\"https:\/\/inquiries.oireachtas.ie\/banking\/wp-content\/uploads\/2014\/12\/eoghan-murphy.jpg\" class=\"attachment-post-thumbnail size-post-thumbnail wp-post-image\" alt=\"\" loading=\"lazy\" \/><\/a><h4>Eoghan Murphy<\/h4><\/div><div class='col-xs-4'><a href='https:\/\/inquiries.oireachtas.ie\/banking\/the-committee\/kieran-odonnell\/'><img width=\"180\" height=\"270\" src=\"https:\/\/inquiries.oireachtas.ie\/banking\/wp-content\/uploads\/2014\/12\/kieran-ODonnell.jpg\" class=\"attachment-post-thumbnail size-post-thumbnail wp-post-image\" alt=\"\" loading=\"lazy\" \/><\/a><h4>Kieran O\u2019Donnell<\/h4><\/div><div class='col-xs-4'><a href='https:\/\/inquiries.oireachtas.ie\/banking\/the-committee\/john-paul-phelan\/'><img width=\"180\" height=\"270\" src=\"https:\/\/inquiries.oireachtas.ie\/banking\/wp-content\/uploads\/2014\/12\/john-paul-phelan.jpg\" class=\"attachment-post-thumbnail size-post-thumbnail wp-post-image\" alt=\"\" loading=\"lazy\" \/><\/a><h4>John Paul Phelan<\/h4><\/div><\/div><div class='row members'><div class='col-xs-4'><a href='https:\/\/inquiries.oireachtas.ie\/banking\/the-committee\/sean-d-barrett\/'><img width=\"180\" height=\"270\" src=\"https:\/\/inquiries.oireachtas.ie\/banking\/wp-content\/uploads\/2014\/12\/sean-barrett.jpg\" class=\"attachment-post-thumbnail size-post-thumbnail wp-post-image\" alt=\"\" loading=\"lazy\" \/><\/a><h4>Sean D Barrett<\/h4><\/div><div class='col-xs-4'><a href='https:\/\/inquiries.oireachtas.ie\/banking\/the-committee\/michael-darcy\/'><img width=\"180\" height=\"270\" src=\"https:\/\/inquiries.oireachtas.ie\/banking\/wp-content\/uploads\/2014\/12\/michael-darcy.jpg\" class=\"attachment-post-thumbnail size-post-thumbnail wp-post-image\" alt=\"\" loading=\"lazy\" \/><\/a><h4>Michael D\u2019Arcy<\/h4><\/div><div class='col-xs-4'><a href='https:\/\/inquiries.oireachtas.ie\/banking\/the-committee\/marc-macsharry\/'><img width=\"180\" height=\"270\" src=\"https:\/\/inquiries.oireachtas.ie\/banking\/wp-content\/uploads\/2014\/12\/marc-macsharry.jpg\" class=\"attachment-post-thumbnail size-post-thumbnail wp-post-image\" alt=\"\" loading=\"lazy\" \/><\/a><h4>Marc MacSharry<\/h4><\/div><\/div><div class='row members'><div class='col-xs-4'><a href='https:\/\/inquiries.oireachtas.ie\/banking\/the-committee\/susan-okeeffe\/'><img width=\"180\" height=\"270\" src=\"https:\/\/inquiries.oireachtas.ie\/banking\/wp-content\/uploads\/2014\/12\/susan-o-keeffe.jpg\" class=\"attachment-post-thumbnail size-post-thumbnail wp-post-image\" alt=\"\" loading=\"lazy\" \/><\/a><h4>Susan O\u2019Keeffe<\/h4><\/div><\/div>\n","protected":false},"excerpt":{"rendered":"<p>Deputy Pearse Doherty is a Sinn F\u00e9in TD for the Donegal South-West constituency. He is the party spokesperson on finance. Deputy Doherty served on the Donegal County Council from 2004 to 2007 and in Seanad \u00c9ireann from 2007 until 2010. He was elected to D\u00e1il \u00c9ireann in the Donegal South-West by-election on the 25 November&#8230; <a class=\"moretag\" href=\"https:\/\/inquiries.oireachtas.ie\/banking\/the-committee\/pearse-doherty\/\">Read More<\/a><\/p>\n","protected":false},"author":1,"featured_media":246,"parent":11,"menu_order":0,"comment_status":"open","ping_status":"closed","template":"","meta":[],"_links":{"self":[{"href":"https:\/\/inquiries.oireachtas.ie\/banking\/wp-json\/wp\/v2\/pages\/333"}],"collection":[{"href":"https:\/\/inquiries.oireachtas.ie\/banking\/wp-json\/wp\/v2\/pages"}],"about":[{"href":"https:\/\/inquiries.oireachtas.ie\/banking\/wp-json\/wp\/v2\/types\/page"}],"author":[{"embeddable":true,"href":"https:\/\/inquiries.oireachtas.ie\/banking\/wp-json\/wp\/v2\/users\/1"}],"replies":[{"embeddable":true,"href":"https:\/\/inquiries.oireachtas.ie\/banking\/wp-json\/wp\/v2\/comments?post=333"}],"version-history":[{"count":7,"href":"https:\/\/inquiries.oireachtas.ie\/banking\/wp-json\/wp\/v2\/pages\/333\/revisions"}],"predecessor-version":[{"id":2877,"href":"https:\/\/inquiries.oireachtas.ie\/banking\/wp-json\/wp\/v2\/pages\/333\/revisions\/2877"}],"up":[{"embeddable":true,"href":"https:\/\/inquiries.oireachtas.ie\/banking\/wp-json\/wp\/v2\/pages\/11"}],"wp:featuredmedia":[{"embeddable":true,"href":"https:\/\/inquiries.oireachtas.ie\/banking\/wp-json\/wp\/v2\/media\/246"}],"wp:attachment":[{"href":"https:\/\/inquiries.oireachtas.ie\/banking\/wp-json\/wp\/v2\/media?parent=333"}],"curies":[{"name":"wp","href":"https:\/\/api.w.org\/{rel}","templated":true}]}}