{"id":347,"date":"2014-12-08T12:40:16","date_gmt":"2014-12-08T12:40:16","guid":{"rendered":"http:\/\/bi.fusio.net\/?page_id=347"},"modified":"2014-12-22T12:49:59","modified_gmt":"2014-12-22T12:49:59","slug":"michael-darcy","status":"publish","type":"page","link":"https:\/\/inquiries.oireachtas.ie\/banking\/the-committee\/michael-darcy\/","title":{"rendered":"Michael D\u2019Arcy"},"content":{"rendered":"<p><a href=\"http:\/\/inquiries.oireachtas.ie\/banking\/wp-content\/uploads\/2014\/12\/michael-darcy.jpg\"><img loading=\"lazy\" class=\"wp-image-244 size-full alignright\" src=\"http:\/\/inquiries.oireachtas.ie\/banking\/wp-content\/uploads\/2014\/12\/michael-darcy.jpg\" alt=\"\" width=\"180\" height=\"270\" \/><\/a>Senator Michael D\u2019Arcy was elected to Seanad \u00c9ireann on the Administrative Panel in April 2011. He is currently the government spokesperson on finance. Senator D\u2019Arcy was previously elected to D\u00e1il \u00c9ireann, in May 2007. While at the D\u00e1il, he worked as Fine Gael\u2019s spokesperson on justice, with special responsibility for equality. He also sat on the Communications, Energy and Natural Resources Committee. He is currently a member of the Oireachtas Committee on Finance, Public Expenditure and Reform<\/p>\n<p>Prior to his career in national politics, Senator D\u2019Arcy was elected to the Wexford County Council, ultimately assuming the position of the council\u2019s Vice-Chairman. He was Chairman of Co Wexford VEC and a member of the board of management of Gorey Community School and Kilmuckridge Vocational College. He is a former director of Wexford County Enterprise Board and Wexford Organization for Rural Development.\u00a0 Senator D\u2019Arcy is an alumnus of University of London.<\/p>\n<h2>The Committee<\/h2>\n<div class='row members'><div class='col-xs-4'><a href='https:\/\/inquiries.oireachtas.ie\/banking\/the-committee\/ciaran-lynch-chairman\/'><img width=\"180\" height=\"270\" src=\"https:\/\/inquiries.oireachtas.ie\/banking\/wp-content\/uploads\/2014\/12\/ciaran-lynch.jpg\" class=\"attachment-post-thumbnail size-post-thumbnail wp-post-image\" alt=\"\" loading=\"lazy\" \/><\/a><h4>Ciaran Lynch (Chairman)<\/h4><\/div><div class='col-xs-4'><a href='https:\/\/inquiries.oireachtas.ie\/banking\/the-committee\/pearse-doherty\/'><img width=\"180\" height=\"270\" src=\"https:\/\/inquiries.oireachtas.ie\/banking\/wp-content\/uploads\/2014\/12\/pearse-doherty.jpg\" class=\"attachment-post-thumbnail size-post-thumbnail wp-post-image\" alt=\"\" loading=\"lazy\" \/><\/a><h4>Pearse Doherty<\/h4><\/div><div class='col-xs-4'><a href='https:\/\/inquiries.oireachtas.ie\/banking\/the-committee\/joe-higgins\/'><img width=\"180\" height=\"270\" src=\"https:\/\/inquiries.oireachtas.ie\/banking\/wp-content\/uploads\/2014\/12\/joe-higgins.jpg\" class=\"attachment-post-thumbnail size-post-thumbnail wp-post-image\" alt=\"\" loading=\"lazy\" \/><\/a><h4>Joe Higgins<\/h4><\/div><\/div><div class='row members'><div class='col-xs-4'><a href='https:\/\/inquiries.oireachtas.ie\/banking\/the-committee\/michael-mcgrath\/'><img width=\"180\" height=\"270\" src=\"https:\/\/inquiries.oireachtas.ie\/banking\/wp-content\/uploads\/2014\/12\/michael-mcgrath.jpg\" class=\"attachment-post-thumbnail size-post-thumbnail wp-post-image\" alt=\"\" loading=\"lazy\" \/><\/a><h4>Michael McGrath<\/h4><\/div><div class='col-xs-4'><a href='https:\/\/inquiries.oireachtas.ie\/banking\/the-committee\/eoghan-murphy\/'><img width=\"180\" height=\"270\" src=\"https:\/\/inquiries.oireachtas.ie\/banking\/wp-content\/uploads\/2014\/12\/eoghan-murphy.jpg\" class=\"attachment-post-thumbnail size-post-thumbnail wp-post-image\" alt=\"\" loading=\"lazy\" \/><\/a><h4>Eoghan Murphy<\/h4><\/div><div class='col-xs-4'><a href='https:\/\/inquiries.oireachtas.ie\/banking\/the-committee\/kieran-odonnell\/'><img width=\"180\" height=\"270\" src=\"https:\/\/inquiries.oireachtas.ie\/banking\/wp-content\/uploads\/2014\/12\/kieran-ODonnell.jpg\" class=\"attachment-post-thumbnail size-post-thumbnail wp-post-image\" alt=\"\" loading=\"lazy\" \/><\/a><h4>Kieran O\u2019Donnell<\/h4><\/div><\/div><div class='row members'><div class='col-xs-4'><a href='https:\/\/inquiries.oireachtas.ie\/banking\/the-committee\/john-paul-phelan\/'><img width=\"180\" height=\"270\" src=\"https:\/\/inquiries.oireachtas.ie\/banking\/wp-content\/uploads\/2014\/12\/john-paul-phelan.jpg\" class=\"attachment-post-thumbnail size-post-thumbnail wp-post-image\" alt=\"\" loading=\"lazy\" \/><\/a><h4>John Paul Phelan<\/h4><\/div><div class='col-xs-4'><a href='https:\/\/inquiries.oireachtas.ie\/banking\/the-committee\/sean-d-barrett\/'><img width=\"180\" height=\"270\" src=\"https:\/\/inquiries.oireachtas.ie\/banking\/wp-content\/uploads\/2014\/12\/sean-barrett.jpg\" class=\"attachment-post-thumbnail size-post-thumbnail wp-post-image\" alt=\"\" loading=\"lazy\" \/><\/a><h4>Sean D Barrett<\/h4><\/div><div class='col-xs-4'><a href='https:\/\/inquiries.oireachtas.ie\/banking\/the-committee\/marc-macsharry\/'><img width=\"180\" height=\"270\" src=\"https:\/\/inquiries.oireachtas.ie\/banking\/wp-content\/uploads\/2014\/12\/marc-macsharry.jpg\" class=\"attachment-post-thumbnail size-post-thumbnail wp-post-image\" alt=\"\" loading=\"lazy\" \/><\/a><h4>Marc MacSharry<\/h4><\/div><\/div><div class='row members'><div class='col-xs-4'><a href='https:\/\/inquiries.oireachtas.ie\/banking\/the-committee\/susan-okeeffe\/'><img width=\"180\" height=\"270\" src=\"https:\/\/inquiries.oireachtas.ie\/banking\/wp-content\/uploads\/2014\/12\/susan-o-keeffe.jpg\" class=\"attachment-post-thumbnail size-post-thumbnail wp-post-image\" alt=\"\" loading=\"lazy\" \/><\/a><h4>Susan O\u2019Keeffe<\/h4><\/div><\/div>\n","protected":false},"excerpt":{"rendered":"<p>Senator Michael D\u2019Arcy was elected to Seanad \u00c9ireann on the Administrative Panel in April 2011. He is currently the government spokesperson on finance. Senator D\u2019Arcy was previously elected to D\u00e1il \u00c9ireann, in May 2007. While at the D\u00e1il, he worked as Fine Gael\u2019s spokesperson on justice, with special responsibility for equality. He also sat on&#8230; <a class=\"moretag\" href=\"https:\/\/inquiries.oireachtas.ie\/banking\/the-committee\/michael-darcy\/\">Read More<\/a><\/p>\n","protected":false},"author":1,"featured_media":244,"parent":11,"menu_order":0,"comment_status":"open","ping_status":"open","template":"","meta":[],"_links":{"self":[{"href":"https:\/\/inquiries.oireachtas.ie\/banking\/wp-json\/wp\/v2\/pages\/347"}],"collection":[{"href":"https:\/\/inquiries.oireachtas.ie\/banking\/wp-json\/wp\/v2\/pages"}],"about":[{"href":"https:\/\/inquiries.oireachtas.ie\/banking\/wp-json\/wp\/v2\/types\/page"}],"author":[{"embeddable":true,"href":"https:\/\/inquiries.oireachtas.ie\/banking\/wp-json\/wp\/v2\/users\/1"}],"replies":[{"embeddable":true,"href":"https:\/\/inquiries.oireachtas.ie\/banking\/wp-json\/wp\/v2\/comments?post=347"}],"version-history":[{"count":5,"href":"https:\/\/inquiries.oireachtas.ie\/banking\/wp-json\/wp\/v2\/pages\/347\/revisions"}],"predecessor-version":[{"id":2880,"href":"https:\/\/inquiries.oireachtas.ie\/banking\/wp-json\/wp\/v2\/pages\/347\/revisions\/2880"}],"up":[{"embeddable":true,"href":"https:\/\/inquiries.oireachtas.ie\/banking\/wp-json\/wp\/v2\/pages\/11"}],"wp:featuredmedia":[{"embeddable":true,"href":"https:\/\/inquiries.oireachtas.ie\/banking\/wp-json\/wp\/v2\/media\/244"}],"wp:attachment":[{"href":"https:\/\/inquiries.oireachtas.ie\/banking\/wp-json\/wp\/v2\/media?parent=347"}],"curies":[{"name":"wp","href":"https:\/\/api.w.org\/{rel}","templated":true}]}}