{"id":44,"date":"2014-12-02T11:41:21","date_gmt":"2014-12-02T11:41:21","guid":{"rendered":"http:\/\/bi.fusio.net\/?page_id=44"},"modified":"2015-01-15T21:31:10","modified_gmt":"2015-01-15T21:31:10","slug":"ga","status":"publish","type":"page","link":"https:\/\/inquiries.oireachtas.ie\/banking\/ga\/","title":{"rendered":"Baile"},"content":{"rendered":"<p>Is comhchoiste de chuid Thithe an Oireachtais an Comhchoiste Fiosr\u00fach\u00e1in i dtaobh na G\u00e9arch\u00e9ime Bainc\u00e9ireachta, ar a dtugtar an Fiosr\u00fach\u00e1n Bainc\u00e9ireachta go coitianta. Buna\u00edodh \u00e9 go foirmi\u00fail i M\u00ed na Samhna, 2014 faoin Acht um Thithe an Oireachtais (Fiosr\u00fach\u00e1in, Pribhl\u00e9id\u00ed agus N\u00f3sanna Imeachta), 2013. Is \u00e9ard is cusp\u00f3ir leis an bhFiosr\u00fach\u00e1n fiosr\u00fa a dh\u00e9anamh faoi na c\u00faiseanna a raibh g\u00e9arch\u00e9im ch\u00f3rasach bhainc\u00e9ireachta in \u00c9irinn, lena n \u00e1ir\u00edtear na tosca agus na beartais i dtaobh c\u00farsa\u00ed polaiti\u00fala, geilleagracha, s\u00f3isialta, cult\u00fair, airgeadais agus iompra\u00edochta, a raibh tionchar acu ar an ng\u00e9arch\u00e9im n\u00f3 a chuir l\u00e9i, agus na hathch\u00f3irithe coisctheacha a cuireadh i bhfeidhm d\u2019aithle na g\u00e9arch\u00e9ime.<\/p>\n","protected":false},"excerpt":{"rendered":"<p>Is comhchoiste de chuid Thithe an Oireachtais an Comhchoiste Fiosr\u00fach\u00e1in i dtaobh na G\u00e9arch\u00e9ime Bainc\u00e9ireachta, ar a dtugtar an Fiosr\u00fach\u00e1n Bainc\u00e9ireachta go coitianta. Buna\u00edodh \u00e9 go foirmi\u00fail i M\u00ed na Samhna, 2014 faoin Acht um Thithe an Oireachtais (Fiosr\u00fach\u00e1in, Pribhl\u00e9id\u00ed agus N\u00f3sanna Imeachta), 2013. Is \u00e9ard is cusp\u00f3ir leis an bhFiosr\u00fach\u00e1n fiosr\u00fa a dh\u00e9anamh faoi&#8230; <a class=\"moretag\" href=\"https:\/\/inquiries.oireachtas.ie\/banking\/ga\/\">Read More<\/a><\/p>\n","protected":false},"author":1,"featured_media":0,"parent":0,"menu_order":0,"comment_status":"open","ping_status":"open","template":"front-page.php","meta":[],"_links":{"self":[{"href":"https:\/\/inquiries.oireachtas.ie\/banking\/wp-json\/wp\/v2\/pages\/44"}],"collection":[{"href":"https:\/\/inquiries.oireachtas.ie\/banking\/wp-json\/wp\/v2\/pages"}],"about":[{"href":"https:\/\/inquiries.oireachtas.ie\/banking\/wp-json\/wp\/v2\/types\/page"}],"author":[{"embeddable":true,"href":"https:\/\/inquiries.oireachtas.ie\/banking\/wp-json\/wp\/v2\/users\/1"}],"replies":[{"embeddable":true,"href":"https:\/\/inquiries.oireachtas.ie\/banking\/wp-json\/wp\/v2\/comments?post=44"}],"version-history":[{"count":6,"href":"https:\/\/inquiries.oireachtas.ie\/banking\/wp-json\/wp\/v2\/pages\/44\/revisions"}],"predecessor-version":[{"id":2971,"href":"https:\/\/inquiries.oireachtas.ie\/banking\/wp-json\/wp\/v2\/pages\/44\/revisions\/2971"}],"wp:attachment":[{"href":"https:\/\/inquiries.oireachtas.ie\/banking\/wp-json\/wp\/v2\/media?parent=44"}],"curies":[{"name":"wp","href":"https:\/\/api.w.org\/{rel}","templated":true}]}}